{"id":4494,"date":"2025-10-02T16:56:47","date_gmt":"2025-10-02T16:56:47","guid":{"rendered":"https:\/\/zapateriasperversa.com\/?post_type=product&#038;p=4494"},"modified":"2026-03-04T10:13:51","modified_gmt":"2026-03-04T10:13:51","slug":"4242-deportivo-casual-de-caballero-en-serraje-piel-de-color-kaki-fabricado-en-espana-tallas-40-al-45-copia","status":"publish","type":"product","link":"https:\/\/zapateriasperversa.com\/es\/producto\/4242-deportivo-casual-de-caballero-en-serraje-piel-de-color-kaki-fabricado-en-espana-tallas-40-al-45-copia\/","title":{"rendered":"4242 Deportivo Casual de caballero en serraje piel de color Kaki, fabricado en Espa\u00f1a tallas 40 al 45. (copia)"},"content":{"rendered":"<hr data-start=\"152\" data-end=\"155\" \/>\n<h3 data-start=\"157\" data-end=\"230\">Calzado casual deportivo de caballero en piel \u2013 Fabricado en Espa\u00f1a<\/h3>\n<p data-start=\"232\" data-end=\"766\">El <strong data-start=\"235\" data-end=\"289\">calzado casual tipo deportivo de caballero en piel<\/strong> es la fusi\u00f3n perfecta entre <strong data-start=\"318\" data-end=\"362\">comodidad, versatilidad y estilo moderno<\/strong>. Fabricado en Espa\u00f1a con <strong data-start=\"388\" data-end=\"423\">piel natural de primera calidad<\/strong>, este calzado destaca por su dise\u00f1o <strong data-start=\"460\" data-end=\"476\">sport-casual<\/strong>, ideal para acompa\u00f1ar el ritmo diario del hombre actual. Su suela ligera y flexible garantiza confort en cada paso, mientras que el acabado en piel aporta un toque elegante que lo diferencia de una zapatilla convencional, convirti\u00e9ndolo en un aliado imprescindible del armario masculino.<\/p>\n<p data-start=\"768\" data-end=\"1261\">Su confecci\u00f3n artesanal espa\u00f1ola asegura <strong data-start=\"809\" data-end=\"837\">acabados de alta calidad<\/strong>, desde la selecci\u00f3n de la piel hasta el cosido final, garantizando un calzado duradero, resistente y capaz de mantener su forma y apariencia a lo largo del tiempo. El interior acolchado proporciona comodidad durante todo el d\u00eda, mientras que la suela antideslizante aporta seguridad en cualquier superficie, haciendo que este calzado sea ideal tanto para el uso urbano diario como para actividades m\u00e1s din\u00e1micas o viajes.<\/p>\n<p data-start=\"1263\" data-end=\"1776\">Este modelo combina funcionalidad y estilo, permitiendo a los hombres lucir un calzado que se adapta a m\u00faltiples escenarios. Su <strong data-start=\"1391\" data-end=\"1430\">dise\u00f1o sport-casual en piel natural<\/strong> ofrece un equilibrio perfecto entre elegancia y informalidad, pudiendo integrarse en conjuntos formales relajados o en looks totalmente casuales sin perder sofisticaci\u00f3n. Adem\u00e1s, al estar fabricado en Espa\u00f1a, garantiza que cada par cumpla con los m\u00e1s altos est\u00e1ndares de calidad, reflejando la <strong data-start=\"1725\" data-end=\"1773\">tradici\u00f3n y el prestigio del calzado espa\u00f1ol<\/strong>.<\/p>\n<hr data-start=\"1778\" data-end=\"1781\" \/>\n<h3 data-start=\"1783\" data-end=\"1816\">Caracter\u00edsticas destacadas:<\/h3>\n<ul data-start=\"1818\" data-end=\"2348\">\n<li data-start=\"1818\" data-end=\"1928\">\n<p data-start=\"1820\" data-end=\"1928\"><strong data-start=\"1820\" data-end=\"1842\">Piel 100% natural:<\/strong> Suave, resistente y duradera, que mejora con el uso y conserva un aspecto elegante.<\/p>\n<\/li>\n<li data-start=\"1929\" data-end=\"2024\">\n<p data-start=\"1931\" data-end=\"2024\"><strong data-start=\"1931\" data-end=\"1955\">Dise\u00f1o sport-casual:<\/strong> Perfecto para el d\u00eda a d\u00eda, combinando estilo moderno y comodidad.<\/p>\n<\/li>\n<li data-start=\"2025\" data-end=\"2127\">\n<p data-start=\"2027\" data-end=\"2127\"><strong data-start=\"2027\" data-end=\"2071\">Suela ligera, flexible y antideslizante:<\/strong> Aporta estabilidad, seguridad y confort en cada paso.<\/p>\n<\/li>\n<li data-start=\"2128\" data-end=\"2227\">\n<p data-start=\"2130\" data-end=\"2227\"><strong data-start=\"2130\" data-end=\"2153\">Interior acolchado:<\/strong> Garantiza comodidad durante jornadas prolongadas y actividades urbanas.<\/p>\n<\/li>\n<li data-start=\"2228\" data-end=\"2348\">\n<p data-start=\"2230\" data-end=\"2348\"><strong data-start=\"2230\" data-end=\"2277\">Fabricaci\u00f3n espa\u00f1ola con calidad artesanal:<\/strong> Cada detalle refleja la experiencia y tradici\u00f3n del calzado espa\u00f1ol.<\/p>\n<\/li>\n<\/ul>\n<hr data-start=\"2350\" data-end=\"2353\" \/>\n<h3 data-start=\"2355\" data-end=\"2410\">C\u00f3mo combinar el calzado casual deportivo en piel<\/h3>\n<p data-start=\"2412\" data-end=\"2518\">Este calzado es un <strong data-start=\"2431\" data-end=\"2472\">todoterreno para el armario masculino<\/strong>, adaptable a m\u00faltiples estilos y ocasiones:<\/p>\n<ul data-start=\"2520\" data-end=\"3830\">\n<li data-start=\"2520\" data-end=\"2722\">\n<p data-start=\"2522\" data-end=\"2722\"><strong data-start=\"2522\" data-end=\"2552\">Look urbano y desenfadado:<\/strong> Comb\u00ednalo con <strong data-start=\"2567\" data-end=\"2593\">vaqueros slim o rectos<\/strong> y camisetas b\u00e1sicas o camisas casuales. Este conjunto aporta un aire moderno y relajado, ideal para el d\u00eda a d\u00eda en la ciudad.<\/p>\n<\/li>\n<li data-start=\"2723\" data-end=\"3006\">\n<p data-start=\"2725\" data-end=\"3006\"><strong data-start=\"2725\" data-end=\"2749\">Estilo smart-casual:<\/strong> Con <strong data-start=\"2754\" data-end=\"2792\">pantalones chinos en tonos neutros<\/strong>, acompa\u00f1ado de camisas de corte cl\u00e1sico o polos de calidad, se consigue un outfit equilibrado entre elegancia y comodidad, perfecto para la oficina, reuniones informales o salidas profesionales con toque casual.<\/p>\n<\/li>\n<li data-start=\"3007\" data-end=\"3287\">\n<p data-start=\"3009\" data-end=\"3287\"><strong data-start=\"3009\" data-end=\"3045\">Look veraniego o de entretiempo:<\/strong> Comb\u00ednalo con <strong data-start=\"3060\" data-end=\"3092\">bermudas o pantalones cortos<\/strong>, logrando un aire juvenil y fresco sin perder estilo ni confort. Este calzado permite moverse con libertad y mantener un aspecto cuidado en cualquier plan al aire libre o actividades sociales.<\/p>\n<\/li>\n<li data-start=\"3288\" data-end=\"3520\">\n<p data-start=\"3290\" data-end=\"3520\"><strong data-start=\"3290\" data-end=\"3315\">Toque sport-elegante:<\/strong> Con <strong data-start=\"3320\" data-end=\"3364\">camisas sport, polos o sudaderas ligeras<\/strong>, se consigue elevar un look casual sin sacrificar comodidad, ideal para eventos informales, cenas relajadas o escapadas urbanas durante el fin de semana.<\/p>\n<\/li>\n<li data-start=\"3521\" data-end=\"3830\">\n<p data-start=\"3523\" data-end=\"3830\"><strong data-start=\"3523\" data-end=\"3550\">Estilo business-casual:<\/strong> Gracias a su dise\u00f1o refinado, este calzado puede combinarse con blazers ligeros o chaquetas casuales, ofreciendo un equilibrio perfecto entre modernidad, formalidad ligera y confort, convirti\u00e9ndose en una opci\u00f3n excelente para hombres que buscan un calzado vers\u00e1til y elegante.<\/p>\n<\/li>\n<\/ul>\n<hr data-start=\"3832\" data-end=\"3835\" \/>\n<h3 data-start=\"3837\" data-end=\"3906\">Por qu\u00e9 elegir el calzado casual deportivo de caballero en piel<\/h3>\n<p data-start=\"3908\" data-end=\"4255\">Optar por este <strong data-start=\"3923\" data-end=\"3977\">calzado casual tipo deportivo de caballero en piel<\/strong> significa elegir un calzado que combina <strong data-start=\"4018\" data-end=\"4061\">estilo moderno, comodidad y durabilidad<\/strong>. Cada par est\u00e1 dise\u00f1ado para ofrecer un ajuste perfecto, resistencia y confort en todo momento, convirti\u00e9ndose en un calzado indispensable para hombres que valoran la calidad y el buen gusto.<\/p>\n<p data-start=\"4257\" data-end=\"4640\">La fabricaci\u00f3n espa\u00f1ola garantiza un acabado cuidadoso, con materiales seleccionados y procesos artesanales que aportan durabilidad y elegancia. Su versatilidad permite que se integre en m\u00faltiples combinaciones de ropa, desde looks urbanos casuales hasta estilos <strong data-start=\"4520\" data-end=\"4554\">smart-casual o business-casual<\/strong>, asegurando que cada hombre pueda lucir un outfit impecable en cualquier situaci\u00f3n.<\/p>\n<p data-start=\"4642\" data-end=\"5028\">Gracias a su <strong data-start=\"4655\" data-end=\"4709\">piel natural, suela flexible y dise\u00f1o sport-casual<\/strong>, este calzado es perfecto tanto para el d\u00eda a d\u00eda como para viajes, ocio o actividades deportivas ligeras. Su comodidad, adaptabilidad y estilo lo convierten en una elecci\u00f3n segura para hombres que buscan un calzado <strong data-start=\"4926\" data-end=\"4958\">pr\u00e1ctico, elegante y moderno<\/strong>, capaz de mantenerse actual y sofisticado temporada tras temporada.<\/p>","protected":false},"excerpt":{"rendered":"<p>Calzado de caballero en piel, estilo deportivo casual. C\u00f3modo, vers\u00e1til y elegante, ideal para combinar con looks urbanos y de diario.<\/p>","protected":false},"featured_media":4493,"comment_status":"open","ping_status":"closed","template":"","meta":[],"product_brand":[],"product_cat":[44],"product_tag":[],"class_list":{"0":"post-4494","1":"product","2":"type-product","3":"status-publish","4":"has-post-thumbnail","6":"product_cat-hombre","8":"first","9":"outofstock","10":"shipping-taxable","11":"product-type-variable"},"_links":{"self":[{"href":"https:\/\/zapateriasperversa.com\/es\/wp-json\/wp\/v2\/product\/4494","targetHints":{"allow":["GET"]}}],"collection":[{"href":"https:\/\/zapateriasperversa.com\/es\/wp-json\/wp\/v2\/product"}],"about":[{"href":"https:\/\/zapateriasperversa.com\/es\/wp-json\/wp\/v2\/types\/product"}],"replies":[{"embeddable":true,"href":"https:\/\/zapateriasperversa.com\/es\/wp-json\/wp\/v2\/comments?post=4494"}],"wp:featuredmedia":[{"embeddable":true,"href":"https:\/\/zapateriasperversa.com\/es\/wp-json\/wp\/v2\/media\/4493"}],"wp:attachment":[{"href":"https:\/\/zapateriasperversa.com\/es\/wp-json\/wp\/v2\/media?parent=4494"}],"wp:term":[{"taxonomy":"product_brand","embeddable":true,"href":"https:\/\/zapateriasperversa.com\/es\/wp-json\/wp\/v2\/product_brand?post=4494"},{"taxonomy":"product_cat","embeddable":true,"href":"https:\/\/zapateriasperversa.com\/es\/wp-json\/wp\/v2\/product_cat?post=4494"},{"taxonomy":"product_tag","embeddable":true,"href":"https:\/\/zapateriasperversa.com\/es\/wp-json\/wp\/v2\/product_tag?post=4494"}],"curies":[{"name":"wp","href":"https:\/\/api.w.org\/{rel}","templated":true}]}}