{"id":4488,"date":"2025-10-02T16:49:05","date_gmt":"2025-10-02T16:49:05","guid":{"rendered":"https:\/\/zapateriasperversa.com\/?post_type=product&#038;p=4488"},"modified":"2026-03-04T10:15:01","modified_gmt":"2026-03-04T10:15:01","slug":"4151-bota-para-caballero-tipo-casual-de-piel-en-color-3-colores-marronkaki-y-marino-cordones-elasticos-fabricado-en-espana-tallas-40-al-45","status":"publish","type":"product","link":"https:\/\/zapateriasperversa.com\/es\/producto\/4151-bota-para-caballero-tipo-casual-de-piel-en-color-3-colores-marronkaki-y-marino-cordones-elasticos-fabricado-en-espana-tallas-40-al-45\/","title":{"rendered":"4151 Bota para caballero tipo Casual de piel en color 3 colores (Marr\u00f3n,Kaki y Marino) cordones el\u00e1sticos, fabricado en Espa\u00f1a tallas 40 al 45."},"content":{"rendered":"<h3 data-start=\"189\" data-end=\"242\">Bota de caballero en piel \u2013 Fabricada en Espa\u00f1a<\/h3>\n<p data-start=\"244\" data-end=\"765\">La <strong data-start=\"247\" data-end=\"276\">bota de caballero en piel<\/strong> es un cl\u00e1sico reinventado pensado para el hombre moderno que busca un calzado elegante, c\u00f3modo y vers\u00e1til. Fabricada en Espa\u00f1a con <strong data-start=\"408\" data-end=\"443\">piel natural de primera calidad<\/strong>, cada par combina <strong data-start=\"462\" data-end=\"509\">resistencia, durabilidad y estilo atemporal<\/strong>, ofreciendo un dise\u00f1o que se adapta a distintas ocasiones sin perder su esencia cl\u00e1sica. Su acabado sofisticado convierte esta bota en un imprescindible del armario masculino, aportando un toque de distinci\u00f3n tanto en outfits casuales como m\u00e1s formales.<\/p>\n<p data-start=\"767\" data-end=\"1255\">Su confecci\u00f3n artesanal espa\u00f1ola garantiza acabados de alta calidad, cuidando cada detalle: desde la selecci\u00f3n de la piel hasta el cosido final, asegurando que el calzado no solo luzca elegante, sino que tambi\u00e9n ofrezca <strong data-start=\"987\" data-end=\"1014\">comodidad y durabilidad<\/strong> d\u00eda tras d\u00eda. La bota cuenta con una <strong data-start=\"1052\" data-end=\"1086\">suela robusta y antideslizante<\/strong>, pensada para proporcionar seguridad y estabilidad en todo tipo de superficies, mientras que su interior acolchado permite un uso prolongado sin renunciar al confort.<\/p>\n<p data-start=\"1257\" data-end=\"1672\">Este modelo de bota combina funcionalidad y est\u00e9tica, permitiendo a los hombres lucir un calzado que se adapta tanto al entorno urbano como a entornos m\u00e1s relajados o informales. La combinaci\u00f3n de <strong data-start=\"1454\" data-end=\"1511\">piel natural, dise\u00f1o atemporal y acabados artesanales<\/strong> hace que esta bota sea un aliado perfecto para cualquier temporada, especialmente oto\u00f1o e invierno, donde la calidez y resistencia del calzado son esenciales.<\/p>\n<hr data-start=\"1674\" data-end=\"1677\" \/>\n<h3 data-start=\"1679\" data-end=\"1712\">Caracter\u00edsticas destacadas:<\/h3>\n<ul data-start=\"1714\" data-end=\"2133\">\n<li data-start=\"1714\" data-end=\"1830\">\n<p data-start=\"1716\" data-end=\"1830\"><strong data-start=\"1716\" data-end=\"1758\">100% piel natural de alta resistencia:<\/strong> Garantiza durabilidad y un acabado elegante que mejora con el tiempo.<\/p>\n<\/li>\n<li data-start=\"1831\" data-end=\"1920\">\n<p data-start=\"1833\" data-end=\"1920\"><strong data-start=\"1833\" data-end=\"1868\">Suela robusta y antideslizante:<\/strong> Proporciona seguridad y estabilidad en cada paso.<\/p>\n<\/li>\n<li data-start=\"1921\" data-end=\"2014\">\n<p data-start=\"1923\" data-end=\"2014\"><strong data-start=\"1923\" data-end=\"1948\">Interior confortable:<\/strong> Acolchado y pensado para un uso prolongado durante todo el d\u00eda.<\/p>\n<\/li>\n<li data-start=\"2015\" data-end=\"2133\">\n<p data-start=\"2017\" data-end=\"2133\"><strong data-start=\"2017\" data-end=\"2067\">Fabricaci\u00f3n espa\u00f1ola con acabados artesanales:<\/strong> Cada par refleja la calidad y la tradici\u00f3n del calzado espa\u00f1ol.<\/p>\n<\/li>\n<\/ul>\n<hr data-start=\"2135\" data-end=\"2138\" \/>\n<h3 data-start=\"2140\" data-end=\"2175\">C\u00f3mo combinar la bota de piel<\/h3>\n<p data-start=\"2177\" data-end=\"2377\">La <strong data-start=\"2180\" data-end=\"2209\">bota de caballero en piel<\/strong> es un calzado extremadamente vers\u00e1til que permite crear una amplia variedad de combinaciones, adapt\u00e1ndose tanto a <strong data-start=\"2324\" data-end=\"2342\">looks casuales<\/strong> como a estilos m\u00e1s sofisticados:<\/p>\n<ul data-start=\"2379\" data-end=\"3504\">\n<li data-start=\"2379\" data-end=\"2593\">\n<p data-start=\"2381\" data-end=\"2593\"><strong data-start=\"2381\" data-end=\"2411\">Look urbano y desenfadado:<\/strong> Comb\u00ednala con <strong data-start=\"2426\" data-end=\"2460\">vaqueros oscuros o desgastados<\/strong> y camisetas b\u00e1sicas o camisas informales. Este conjunto transmite un aire moderno, relajado y muy f\u00e1cil de llevar en el d\u00eda a d\u00eda.<\/p>\n<\/li>\n<li data-start=\"2594\" data-end=\"2879\">\n<p data-start=\"2596\" data-end=\"2879\"><strong data-start=\"2596\" data-end=\"2620\">Estilo casual-smart:<\/strong> Con <strong data-start=\"2625\" data-end=\"2688\">pantalones chinos en tonos beige, azul marino o verde caqui<\/strong>, junto a camisas de corte cl\u00e1sico o polos de calidad, se consigue un outfit equilibrado entre lo elegante y lo informal, ideal para salir a cenar, reuniones informales o escapadas urbanas.<\/p>\n<\/li>\n<li data-start=\"2880\" data-end=\"3102\">\n<p data-start=\"2882\" data-end=\"3102\"><strong data-start=\"2882\" data-end=\"2911\">Toque r\u00fastico y elegante:<\/strong> Comb\u00ednala con <strong data-start=\"2926\" data-end=\"2966\">camisas de cuadros o jerseys de lana<\/strong>, logrando un estilo cl\u00e1sico con personalidad, perfecto para los fines de semana o actividades al aire libre sin perder sofisticaci\u00f3n.<\/p>\n<\/li>\n<li data-start=\"3103\" data-end=\"3311\">\n<p data-start=\"3105\" data-end=\"3311\"><strong data-start=\"3105\" data-end=\"3132\">Look moderno y juvenil:<\/strong> Con <strong data-start=\"3137\" data-end=\"3197\">chaquetas de piel, cazadoras vaqueras o blazers casuales<\/strong>, la bota a\u00f1ade un toque contempor\u00e1neo al conjunto, adapt\u00e1ndose perfectamente a un estilo m\u00e1s atrevido y urbano.<\/p>\n<\/li>\n<li data-start=\"3312\" data-end=\"3504\">\n<p data-start=\"3314\" data-end=\"3504\"><strong data-start=\"3314\" data-end=\"3343\">Temporada oto\u00f1o-invierno:<\/strong> Esta bota es ideal para combinar funcionalidad y tendencia, protegiendo del fr\u00edo y aportando un acabado elegante que complementa cualquier outfit de invierno.<\/p>\n<\/li>\n<\/ul>\n<hr data-start=\"3506\" data-end=\"3509\" \/>\n<h3 data-start=\"3511\" data-end=\"3560\">Por qu\u00e9 elegir la bota de caballero en piel<\/h3>\n<p data-start=\"3562\" data-end=\"4048\">Optar por esta <strong data-start=\"3577\" data-end=\"3606\">bota de caballero en piel<\/strong> significa elegir un calzado que une <strong data-start=\"3643\" data-end=\"3682\">tradici\u00f3n, confort y estilo moderno<\/strong>. Cada par est\u00e1 dise\u00f1ado para ofrecer un ajuste perfecto y durabilidad, convirti\u00e9ndose en una inversi\u00f3n segura para quienes buscan calidad y elegancia sin comprometer la funcionalidad. Su acabado artesanal permite que se integre en m\u00faltiples combinaciones de ropa, desde lo m\u00e1s cl\u00e1sico hasta lo m\u00e1s contempor\u00e1neo, asegurando un look impecable en cualquier ocasi\u00f3n.<\/p>\n<p data-start=\"4050\" data-end=\"4466\">El hecho de que est\u00e9 fabricada en Espa\u00f1a a\u00f1ade un valor extra, ya que refleja la tradici\u00f3n y el prestigio del calzado espa\u00f1ol reconocido mundialmente por su <strong data-start=\"4207\" data-end=\"4250\">calidad, artesan\u00eda y dise\u00f1o sofisticado<\/strong>. La combinaci\u00f3n de piel natural, suela resistente y dise\u00f1o atemporal hace que esta bota sea perfecta tanto para el d\u00eda a d\u00eda como para eventos especiales, convirti\u00e9ndola en un imprescindible del armario masculino.<\/p>","protected":false},"excerpt":{"rendered":"<p>Bota de caballero en piel fabricada en Espa\u00f1a, elegante, c\u00f3moda y vers\u00e1til. Con suela robusta y antideslizante, perfecta para combinar con looks casuales y formales, ideal para el d\u00eda a d\u00eda o eventos especiales.<\/p>","protected":false},"featured_media":4482,"comment_status":"open","ping_status":"closed","template":"","meta":[],"product_brand":[],"product_cat":[44],"product_tag":[],"class_list":{"0":"post-4488","1":"product","2":"type-product","3":"status-publish","4":"has-post-thumbnail","6":"product_cat-hombre","8":"first","9":"outofstock","10":"shipping-taxable","11":"product-type-variable"},"_links":{"self":[{"href":"https:\/\/zapateriasperversa.com\/es\/wp-json\/wp\/v2\/product\/4488","targetHints":{"allow":["GET"]}}],"collection":[{"href":"https:\/\/zapateriasperversa.com\/es\/wp-json\/wp\/v2\/product"}],"about":[{"href":"https:\/\/zapateriasperversa.com\/es\/wp-json\/wp\/v2\/types\/product"}],"replies":[{"embeddable":true,"href":"https:\/\/zapateriasperversa.com\/es\/wp-json\/wp\/v2\/comments?post=4488"}],"wp:featuredmedia":[{"embeddable":true,"href":"https:\/\/zapateriasperversa.com\/es\/wp-json\/wp\/v2\/media\/4482"}],"wp:attachment":[{"href":"https:\/\/zapateriasperversa.com\/es\/wp-json\/wp\/v2\/media?parent=4488"}],"wp:term":[{"taxonomy":"product_brand","embeddable":true,"href":"https:\/\/zapateriasperversa.com\/es\/wp-json\/wp\/v2\/product_brand?post=4488"},{"taxonomy":"product_cat","embeddable":true,"href":"https:\/\/zapateriasperversa.com\/es\/wp-json\/wp\/v2\/product_cat?post=4488"},{"taxonomy":"product_tag","embeddable":true,"href":"https:\/\/zapateriasperversa.com\/es\/wp-json\/wp\/v2\/product_tag?post=4488"}],"curies":[{"name":"wp","href":"https:\/\/api.w.org\/{rel}","templated":true}]}}