{"id":4450,"date":"2025-10-02T15:19:55","date_gmt":"2025-10-02T15:19:55","guid":{"rendered":"https:\/\/zapateriasperversa.com\/?post_type=product&#038;p=4450"},"modified":"2026-03-04T10:15:53","modified_gmt":"2026-03-04T10:15:53","slug":"r83-8429-deportivo-casual-de-caballero-en-piel-de-color-marron-fabricado-en-espana-tallas-40-al-45","status":"publish","type":"product","link":"https:\/\/zapateriasperversa.com\/es\/producto\/r83-8429-deportivo-casual-de-caballero-en-piel-de-color-marron-fabricado-en-espana-tallas-40-al-45\/","title":{"rendered":"R83-8429 Deportivo Casual de caballero en piel de color Marr\u00f3n, fabricado en Espa\u00f1a tallas 40 al 45."},"content":{"rendered":"<h3 data-start=\"195\" data-end=\"268\">Calzado casual deportivo de caballero en piel \u2013 Fabricado en Espa\u00f1a<\/h3>\n<p data-start=\"270\" data-end=\"721\">El <strong data-start=\"273\" data-end=\"327\">calzado casual tipo deportivo de caballero en piel<\/strong> es la fusi\u00f3n perfecta entre <strong data-start=\"356\" data-end=\"400\">comodidad, versatilidad y estilo moderno<\/strong>. Fabricado en Espa\u00f1a con <strong data-start=\"426\" data-end=\"461\">piel natural de primera calidad<\/strong>, destaca por su dise\u00f1o sport-casual, ideal para acompa\u00f1ar el ritmo diario del hombre actual. Su suela ligera y flexible garantiza confort en cada paso, mientras que el acabado en piel aporta un toque elegante que lo diferencia de una zapatilla convencional.<\/p>\n<p data-start=\"723\" data-end=\"758\">\u2714 <strong data-start=\"725\" data-end=\"756\">Caracter\u00edsticas destacadas:<\/strong><\/p>\n<ul data-start=\"759\" data-end=\"985\">\n<li data-start=\"759\" data-end=\"799\">\n<p data-start=\"761\" data-end=\"799\">Piel 100% natural, suave y duradera.<\/p>\n<\/li>\n<li data-start=\"800\" data-end=\"849\">\n<p data-start=\"802\" data-end=\"849\">Dise\u00f1o sport-casual, ideal para el d\u00eda a d\u00eda.<\/p>\n<\/li>\n<li data-start=\"850\" data-end=\"894\">\n<p data-start=\"852\" data-end=\"894\">Suela ligera, flexible y antideslizante.<\/p>\n<\/li>\n<li data-start=\"895\" data-end=\"937\">\n<p data-start=\"897\" data-end=\"937\">Interior acolchado para mayor confort.<\/p>\n<\/li>\n<li data-start=\"938\" data-end=\"985\">\n<p data-start=\"940\" data-end=\"985\">Fabricaci\u00f3n espa\u00f1ola con calidad artesanal.<\/p>\n<\/li>\n<\/ul>\n<h3 data-start=\"992\" data-end=\"1050\">\ud83c\udf1f C\u00f3mo combinar el calzado casual deportivo en piel<\/h3>\n<p data-start=\"1051\" data-end=\"1109\">Este modelo es un todoterreno para el armario masculino:<\/p>\n<ul data-start=\"1110\" data-end=\"1604\">\n<li data-start=\"1110\" data-end=\"1180\">\n<p data-start=\"1112\" data-end=\"1180\">Con <strong data-start=\"1116\" data-end=\"1142\">vaqueros slim o rectos<\/strong>, para un look urbano y desenfadado.<\/p>\n<\/li>\n<li data-start=\"1181\" data-end=\"1308\">\n<p data-start=\"1183\" data-end=\"1308\">Con <strong data-start=\"1187\" data-end=\"1225\">pantalones chinos en tonos neutros<\/strong>, creando un estilo smart-casual perfecto para la oficina o reuniones informales.<\/p>\n<\/li>\n<li data-start=\"1309\" data-end=\"1408\">\n<p data-start=\"1311\" data-end=\"1408\">Con <strong data-start=\"1315\" data-end=\"1347\">bermudas o pantalones cortos<\/strong>, en verano o entretiempo, para un aire juvenil y relajado.<\/p>\n<\/li>\n<li data-start=\"1409\" data-end=\"1492\">\n<p data-start=\"1411\" data-end=\"1492\">Con <strong data-start=\"1415\" data-end=\"1440\">camisas sport o polos<\/strong>, para elevar un look casual sin perder comodidad.<\/p>\n<\/li>\n<li data-start=\"1493\" data-end=\"1604\">\n<p data-start=\"1495\" data-end=\"1604\">Perfecto tanto para el d\u00eda a d\u00eda como para planes de ocio, viajes o incluso para un estilo business-casual.<\/p>\n<\/li>\n<\/ul>","protected":false},"excerpt":{"rendered":"<p>Calzado de caballero en piel, estilo deportivo casual. C\u00f3modo, vers\u00e1til y elegante, ideal para combinar con looks urbanos y de diario.<\/p>","protected":false},"featured_media":4445,"comment_status":"open","ping_status":"closed","template":"","meta":[],"product_brand":[],"product_cat":[44],"product_tag":[],"class_list":{"0":"post-4450","1":"product","2":"type-product","3":"status-publish","4":"has-post-thumbnail","6":"product_cat-hombre","8":"first","9":"outofstock","10":"shipping-taxable","11":"product-type-variable"},"_links":{"self":[{"href":"https:\/\/zapateriasperversa.com\/es\/wp-json\/wp\/v2\/product\/4450","targetHints":{"allow":["GET"]}}],"collection":[{"href":"https:\/\/zapateriasperversa.com\/es\/wp-json\/wp\/v2\/product"}],"about":[{"href":"https:\/\/zapateriasperversa.com\/es\/wp-json\/wp\/v2\/types\/product"}],"replies":[{"embeddable":true,"href":"https:\/\/zapateriasperversa.com\/es\/wp-json\/wp\/v2\/comments?post=4450"}],"wp:featuredmedia":[{"embeddable":true,"href":"https:\/\/zapateriasperversa.com\/es\/wp-json\/wp\/v2\/media\/4445"}],"wp:attachment":[{"href":"https:\/\/zapateriasperversa.com\/es\/wp-json\/wp\/v2\/media?parent=4450"}],"wp:term":[{"taxonomy":"product_brand","embeddable":true,"href":"https:\/\/zapateriasperversa.com\/es\/wp-json\/wp\/v2\/product_brand?post=4450"},{"taxonomy":"product_cat","embeddable":true,"href":"https:\/\/zapateriasperversa.com\/es\/wp-json\/wp\/v2\/product_cat?post=4450"},{"taxonomy":"product_tag","embeddable":true,"href":"https:\/\/zapateriasperversa.com\/es\/wp-json\/wp\/v2\/product_tag?post=4450"}],"curies":[{"name":"wp","href":"https:\/\/api.w.org\/{rel}","templated":true}]}}