{"id":4429,"date":"2025-10-02T08:30:14","date_gmt":"2025-10-02T08:30:14","guid":{"rendered":"https:\/\/zapateriasperversa.com\/?post_type=product&#038;p=4429"},"modified":"2026-03-04T10:19:59","modified_gmt":"2026-03-04T10:19:59","slug":"11572-bota-en-piel-para-caballero-de-color-marron-fabricado-en-espana-tallas-40-al-45","status":"publish","type":"product","link":"https:\/\/zapateriasperversa.com\/es\/producto\/11572-bota-en-piel-para-caballero-de-color-marron-fabricado-en-espana-tallas-40-al-45\/","title":{"rendered":"11572 Bota en piel para caballero de color marr\u00f3n, fabricado en Espa\u00f1a tallas 40 al 45."},"content":{"rendered":"<h3 data-start=\"192\" data-end=\"258\">Bota de caballero en piel color Marr\u00f3n\u2013 Fabricada en Espa\u00f1a<\/h3>\n<p data-start=\"260\" data-end=\"664\">La <strong data-start=\"263\" data-end=\"305\">bota de caballero en piel color Negro <\/strong>es un cl\u00e1sico reinventado para el hombre moderno. Fabricada en Espa\u00f1a con <strong data-start=\"380\" data-end=\"415\">piel natural de primera calidad<\/strong>, ofrece resistencia, durabilidad y un dise\u00f1o atemporal que combina a la perfecci\u00f3n elegancia y funcionalidad. El tono Panam\u00e1, c\u00e1lido y vers\u00e1til, convierte esta bota en un imprescindible del armario masculino, f\u00e1cil de llevar en cualquier ocasi\u00f3n.<\/p>\n<p data-start=\"666\" data-end=\"701\">\u2714 <strong data-start=\"668\" data-end=\"699\">Caracter\u00edsticas destacadas:<\/strong><\/p>\n<ul data-start=\"702\" data-end=\"946\">\n<li data-start=\"702\" data-end=\"744\">\n<p data-start=\"704\" data-end=\"744\">100% piel natural de alta resistencia.<\/p>\n<\/li>\n<li data-start=\"745\" data-end=\"789\">\n<p data-start=\"747\" data-end=\"789\">Color Panam\u00e1, elegante y muy combinable.<\/p>\n<\/li>\n<li data-start=\"790\" data-end=\"846\">\n<p data-start=\"792\" data-end=\"846\">Suela robusta y antideslizante para mayor seguridad.<\/p>\n<\/li>\n<li data-start=\"847\" data-end=\"895\">\n<p data-start=\"849\" data-end=\"895\">Interior confortable para un uso prolongado.<\/p>\n<\/li>\n<li data-start=\"896\" data-end=\"946\">\n<p data-start=\"898\" data-end=\"946\">Fabricaci\u00f3n espa\u00f1ola con acabados artesanales.<\/p>\n<\/li>\n<\/ul>\n<h3 data-start=\"953\" data-end=\"1004\">\ud83c\udf1f C\u00f3mo combinar la bota de piel color Panam\u00e1<\/h3>\n<p data-start=\"1005\" data-end=\"1128\">Esta bota es un comod\u00edn en el armario masculino, ya que se adapta tanto a looks casuales como a estilos m\u00e1s sofisticados:<\/p>\n<ul data-start=\"1129\" data-end=\"1561\">\n<li data-start=\"1129\" data-end=\"1207\">\n<p data-start=\"1131\" data-end=\"1207\">Con <strong data-start=\"1135\" data-end=\"1169\">vaqueros oscuros o desgastados<\/strong>, para un look urbano y desenfadado.<\/p>\n<\/li>\n<li data-start=\"1208\" data-end=\"1307\">\n<p data-start=\"1210\" data-end=\"1307\">Con <strong data-start=\"1214\" data-end=\"1277\">pantalones chinos en tonos beige, azul marino o verde caqui<\/strong>, para un aire casual-smart.<\/p>\n<\/li>\n<li data-start=\"1308\" data-end=\"1399\">\n<p data-start=\"1310\" data-end=\"1399\">Con <strong data-start=\"1314\" data-end=\"1354\">camisas de cuadros o jerseys de lana<\/strong>, logrando un estilo r\u00fastico pero elegante.<\/p>\n<\/li>\n<li data-start=\"1400\" data-end=\"1489\">\n<p data-start=\"1402\" data-end=\"1489\">Con <strong data-start=\"1406\" data-end=\"1448\">chaquetas de piel o cazadoras vaqueras<\/strong>, para un outfit m\u00e1s moderno y juvenil.<\/p>\n<\/li>\n<li data-start=\"1490\" data-end=\"1561\">\n<p data-start=\"1492\" data-end=\"1561\">Perfecta para oto\u00f1o-invierno, combinando funcionalidad y tendencia.<\/p>\n<\/li>\n<\/ul>","protected":false},"excerpt":{"rendered":"<p>Bota de caballero en piel color Marr\u00f3n, fabricada en Espa\u00f1a. Estilo cl\u00e1sico y vers\u00e1til con la m\u00e1xima comodidad y calidad artesanal.<\/p>","protected":false},"featured_media":4426,"comment_status":"open","ping_status":"closed","template":"","meta":[],"product_brand":[],"product_cat":[44],"product_tag":[],"class_list":{"0":"post-4429","1":"product","2":"type-product","3":"status-publish","4":"has-post-thumbnail","6":"product_cat-hombre","8":"first","9":"instock","10":"shipping-taxable","11":"purchasable","12":"product-type-variable"},"_links":{"self":[{"href":"https:\/\/zapateriasperversa.com\/es\/wp-json\/wp\/v2\/product\/4429","targetHints":{"allow":["GET"]}}],"collection":[{"href":"https:\/\/zapateriasperversa.com\/es\/wp-json\/wp\/v2\/product"}],"about":[{"href":"https:\/\/zapateriasperversa.com\/es\/wp-json\/wp\/v2\/types\/product"}],"replies":[{"embeddable":true,"href":"https:\/\/zapateriasperversa.com\/es\/wp-json\/wp\/v2\/comments?post=4429"}],"wp:featuredmedia":[{"embeddable":true,"href":"https:\/\/zapateriasperversa.com\/es\/wp-json\/wp\/v2\/media\/4426"}],"wp:attachment":[{"href":"https:\/\/zapateriasperversa.com\/es\/wp-json\/wp\/v2\/media?parent=4429"}],"wp:term":[{"taxonomy":"product_brand","embeddable":true,"href":"https:\/\/zapateriasperversa.com\/es\/wp-json\/wp\/v2\/product_brand?post=4429"},{"taxonomy":"product_cat","embeddable":true,"href":"https:\/\/zapateriasperversa.com\/es\/wp-json\/wp\/v2\/product_cat?post=4429"},{"taxonomy":"product_tag","embeddable":true,"href":"https:\/\/zapateriasperversa.com\/es\/wp-json\/wp\/v2\/product_tag?post=4429"}],"curies":[{"name":"wp","href":"https:\/\/api.w.org\/{rel}","templated":true}]}}