{"id":4418,"date":"2025-10-01T18:34:43","date_gmt":"2025-10-01T18:34:43","guid":{"rendered":"https:\/\/zapateriasperversa.com\/?post_type=product&#038;p=4418"},"modified":"2026-03-04T10:16:49","modified_gmt":"2026-03-04T10:16:49","slug":"4455-calzado-deportivo-casual-para-senora-en-piel-de-color-negro-fabricado-en-espana-tallas-36-al-41","status":"publish","type":"product","link":"https:\/\/zapateriasperversa.com\/es\/producto\/4455-calzado-deportivo-casual-para-senora-en-piel-de-color-negro-fabricado-en-espana-tallas-36-al-41\/","title":{"rendered":"4455 Calzado deportivo casual para se\u00f1ora en piel de color negro, fabricado en Espa\u00f1a tallas 36 al 41."},"content":{"rendered":"<h3 data-start=\"146\" data-end=\"216\">Calzado deportivo casual de se\u00f1ora en piel \u2013 Fabricado en Espa\u00f1a<\/h3>\n<p data-start=\"218\" data-end=\"529\">El <strong data-start=\"221\" data-end=\"267\">calzado deportivo casual de se\u00f1ora en piel<\/strong> combina <strong data-start=\"276\" data-end=\"312\">comodidad, estilo y versatilidad<\/strong> en un dise\u00f1o moderno. Fabricado en Espa\u00f1a con <strong data-start=\"359\" data-end=\"383\">piel de alta calidad<\/strong>, ofrece un ajuste c\u00f3modo y seguro para el d\u00eda a d\u00eda, mientras que su est\u00e9tica deportiva lo hace ideal para looks casuales sin perder elegancia.<\/p>\n<p data-start=\"531\" data-end=\"566\">\u2714 <strong data-start=\"533\" data-end=\"564\">Caracter\u00edsticas destacadas:<\/strong><\/p>\n<ul data-start=\"567\" data-end=\"787\">\n<li data-start=\"567\" data-end=\"609\">\n<p data-start=\"569\" data-end=\"609\">100% piel natural, suave y resistente.<\/p>\n<\/li>\n<li data-start=\"610\" data-end=\"671\">\n<p data-start=\"612\" data-end=\"671\">Suela ligera y antideslizante para caminar con comodidad.<\/p>\n<\/li>\n<li data-start=\"672\" data-end=\"726\">\n<p data-start=\"674\" data-end=\"726\">Dise\u00f1o sport-casual, vers\u00e1til y f\u00e1cil de combinar.<\/p>\n<\/li>\n<li data-start=\"727\" data-end=\"787\">\n<p data-start=\"729\" data-end=\"787\">Fabricado en Espa\u00f1a con acabados artesanales de calidad.<\/p>\n<\/li>\n<\/ul>\n<h3 data-start=\"794\" data-end=\"844\">\ud83c\udf1f C\u00f3mo combinar un calzado deportivo casual<\/h3>\n<p data-start=\"845\" data-end=\"913\">Este tipo de calzado es perfecto para un <strong data-start=\"886\" data-end=\"910\">look diario y c\u00f3modo<\/strong>:<\/p>\n<ul data-start=\"914\" data-end=\"1283\">\n<li data-start=\"914\" data-end=\"993\">\n<p data-start=\"916\" data-end=\"993\">Con <strong data-start=\"920\" data-end=\"953\">vaqueros o pantalones pitillo<\/strong>, para un estilo urbano y desenfadado.<\/p>\n<\/li>\n<li data-start=\"994\" data-end=\"1074\">\n<p data-start=\"996\" data-end=\"1074\">Con <strong data-start=\"1000\" data-end=\"1022\">leggings o joggers<\/strong>, ideal para actividades diarias o deporte ligero.<\/p>\n<\/li>\n<li data-start=\"1075\" data-end=\"1160\">\n<p data-start=\"1077\" data-end=\"1160\">Con <strong data-start=\"1081\" data-end=\"1118\">faldas casuales o vestidos cortos<\/strong>, aportando un toque moderno y relajado.<\/p>\n<\/li>\n<li data-start=\"1161\" data-end=\"1283\">\n<p data-start=\"1163\" data-end=\"1283\">Perfecto para paseos, compras, viajes o cualquier actividad donde la comodidad y el estilo pr\u00e1ctico sean prioritarios.<\/p>\n<\/li>\n<\/ul>","protected":false},"excerpt":{"rendered":"<p>Calzado deportivo casual de se\u00f1ora en piel, fabricado en Espa\u00f1a. Comodidad y estilo diario en un dise\u00f1o moderno y vers\u00e1til<\/p>","protected":false},"featured_media":4338,"comment_status":"open","ping_status":"closed","template":"","meta":[],"product_brand":[],"product_cat":[45],"product_tag":[],"class_list":{"0":"post-4418","1":"product","2":"type-product","3":"status-publish","4":"has-post-thumbnail","6":"product_cat-mujer","8":"first","9":"outofstock","10":"shipping-taxable","11":"product-type-variable"},"_links":{"self":[{"href":"https:\/\/zapateriasperversa.com\/es\/wp-json\/wp\/v2\/product\/4418","targetHints":{"allow":["GET"]}}],"collection":[{"href":"https:\/\/zapateriasperversa.com\/es\/wp-json\/wp\/v2\/product"}],"about":[{"href":"https:\/\/zapateriasperversa.com\/es\/wp-json\/wp\/v2\/types\/product"}],"replies":[{"embeddable":true,"href":"https:\/\/zapateriasperversa.com\/es\/wp-json\/wp\/v2\/comments?post=4418"}],"wp:featuredmedia":[{"embeddable":true,"href":"https:\/\/zapateriasperversa.com\/es\/wp-json\/wp\/v2\/media\/4338"}],"wp:attachment":[{"href":"https:\/\/zapateriasperversa.com\/es\/wp-json\/wp\/v2\/media?parent=4418"}],"wp:term":[{"taxonomy":"product_brand","embeddable":true,"href":"https:\/\/zapateriasperversa.com\/es\/wp-json\/wp\/v2\/product_brand?post=4418"},{"taxonomy":"product_cat","embeddable":true,"href":"https:\/\/zapateriasperversa.com\/es\/wp-json\/wp\/v2\/product_cat?post=4418"},{"taxonomy":"product_tag","embeddable":true,"href":"https:\/\/zapateriasperversa.com\/es\/wp-json\/wp\/v2\/product_tag?post=4418"}],"curies":[{"name":"wp","href":"https:\/\/api.w.org\/{rel}","templated":true}]}}