{"id":4412,"date":"2025-10-01T18:26:25","date_gmt":"2025-10-01T18:26:25","guid":{"rendered":"https:\/\/zapateriasperversa.com\/?post_type=product&#038;p=4412"},"modified":"2026-03-04T10:09:36","modified_gmt":"2026-03-04T10:09:36","slug":"3146-calzado-sport-para-senora-en-piel-de-color-negro-con-cuna-corrida-y-velcro-fabricado-en-espana-tallas-36-al-41","status":"publish","type":"product","link":"https:\/\/zapateriasperversa.com\/es\/producto\/3146-calzado-sport-para-senora-en-piel-de-color-negro-con-cuna-corrida-y-velcro-fabricado-en-espana-tallas-36-al-41\/","title":{"rendered":"3146 Calzado sport para se\u00f1ora en piel de color negro con cu\u00f1a corrida y velcro, fabricado en Espa\u00f1a tallas 36 al 41."},"content":{"rendered":"<h3 data-start=\"156\" data-end=\"241\">Calzado sport de se\u00f1ora en piel con velcro y cu\u00f1a corrida \u2013 Fabricado en Espa\u00f1a<\/h3>\n<p data-start=\"243\" data-end=\"641\">El <strong data-start=\"246\" data-end=\"307\">calzado sport de se\u00f1ora en piel con velcro y cu\u00f1a corrida<\/strong> combina <strong data-start=\"316\" data-end=\"353\">comodidad, estilo y funcionalidad<\/strong> en un solo dise\u00f1o. Fabricado en Espa\u00f1a con <strong data-start=\"397\" data-end=\"421\">piel de alta calidad<\/strong>, su cu\u00f1a corrida aporta altura y soporte sin renunciar a la comodidad, mientras que el cierre de velcro permite un ajuste r\u00e1pido y seguro. Ideal para mujeres activas que buscan un calzado pr\u00e1ctico, vers\u00e1til y moderno.<\/p>\n<p data-start=\"643\" data-end=\"678\">\u2714 <strong data-start=\"645\" data-end=\"676\">Caracter\u00edsticas destacadas:<\/strong><\/p>\n<ul data-start=\"679\" data-end=\"967\">\n<li data-start=\"679\" data-end=\"721\">\n<p data-start=\"681\" data-end=\"721\">100% piel natural, suave y resistente.<\/p>\n<\/li>\n<li data-start=\"722\" data-end=\"784\">\n<p data-start=\"724\" data-end=\"784\">Cu\u00f1a corrida que estiliza y aporta confort en cada pisada.<\/p>\n<\/li>\n<li data-start=\"785\" data-end=\"836\">\n<p data-start=\"787\" data-end=\"836\">Cierre de velcro para un ajuste f\u00e1cil y seguro.<\/p>\n<\/li>\n<li data-start=\"837\" data-end=\"906\">\n<p data-start=\"839\" data-end=\"906\">Suela ligera y antideslizante, perfecta para caminar todo el d\u00eda.<\/p>\n<\/li>\n<li data-start=\"907\" data-end=\"967\">\n<p data-start=\"909\" data-end=\"967\">Fabricado en Espa\u00f1a con acabados artesanales de calidad.<\/p>\n<\/li>\n<\/ul>\n<h3 data-start=\"974\" data-end=\"1031\">\ud83c\udf1f C\u00f3mo combinar el calzado sport con velcro y cu\u00f1a<\/h3>\n<p data-start=\"1032\" data-end=\"1092\">Este calzado es perfecto para un <strong data-start=\"1065\" data-end=\"1089\">look casual y urbano<\/strong>:<\/p>\n<ul data-start=\"1093\" data-end=\"1446\">\n<li data-start=\"1093\" data-end=\"1167\">\n<p data-start=\"1095\" data-end=\"1167\">Con <strong data-start=\"1099\" data-end=\"1130\">vaqueros pitillo o leggings<\/strong>, para un estilo c\u00f3modo y din\u00e1mico.<\/p>\n<\/li>\n<li data-start=\"1168\" data-end=\"1243\">\n<p data-start=\"1170\" data-end=\"1243\">Con <strong data-start=\"1174\" data-end=\"1209\">pantalones deportivos o joggers<\/strong>, ideal para un look sport-chic.<\/p>\n<\/li>\n<li data-start=\"1244\" data-end=\"1328\">\n<p data-start=\"1246\" data-end=\"1328\">Con <strong data-start=\"1250\" data-end=\"1281\">falda midi o vestido casual<\/strong>, combinando comodidad con un toque femenino.<\/p>\n<\/li>\n<li data-start=\"1329\" data-end=\"1446\">\n<p data-start=\"1331\" data-end=\"1446\">Perfecto para paseos, compras, viajes o cualquier actividad diaria donde prima la comodidad y el estilo pr\u00e1ctico.<\/p>\n<\/li>\n<\/ul>","protected":false},"excerpt":{"rendered":"<p>Calzado sport de se\u00f1ora en piel con velcro y cu\u00f1a corrida, fabricado en Espa\u00f1a. Comodidad, estilo y ajuste seguro para el d\u00eda a d\u00eda.<\/p>","protected":false},"featured_media":4335,"comment_status":"open","ping_status":"closed","template":"","meta":[],"product_brand":[],"product_cat":[45],"product_tag":[],"class_list":{"0":"post-4412","1":"product","2":"type-product","3":"status-publish","4":"has-post-thumbnail","6":"product_cat-mujer","8":"first","9":"outofstock","10":"shipping-taxable","11":"product-type-variable"},"_links":{"self":[{"href":"https:\/\/zapateriasperversa.com\/es\/wp-json\/wp\/v2\/product\/4412","targetHints":{"allow":["GET"]}}],"collection":[{"href":"https:\/\/zapateriasperversa.com\/es\/wp-json\/wp\/v2\/product"}],"about":[{"href":"https:\/\/zapateriasperversa.com\/es\/wp-json\/wp\/v2\/types\/product"}],"replies":[{"embeddable":true,"href":"https:\/\/zapateriasperversa.com\/es\/wp-json\/wp\/v2\/comments?post=4412"}],"wp:featuredmedia":[{"embeddable":true,"href":"https:\/\/zapateriasperversa.com\/es\/wp-json\/wp\/v2\/media\/4335"}],"wp:attachment":[{"href":"https:\/\/zapateriasperversa.com\/es\/wp-json\/wp\/v2\/media?parent=4412"}],"wp:term":[{"taxonomy":"product_brand","embeddable":true,"href":"https:\/\/zapateriasperversa.com\/es\/wp-json\/wp\/v2\/product_brand?post=4412"},{"taxonomy":"product_cat","embeddable":true,"href":"https:\/\/zapateriasperversa.com\/es\/wp-json\/wp\/v2\/product_cat?post=4412"},{"taxonomy":"product_tag","embeddable":true,"href":"https:\/\/zapateriasperversa.com\/es\/wp-json\/wp\/v2\/product_tag?post=4412"}],"curies":[{"name":"wp","href":"https:\/\/api.w.org\/{rel}","templated":true}]}}