{"id":4399,"date":"2025-10-01T18:07:59","date_gmt":"2025-10-01T18:07:59","guid":{"rendered":"https:\/\/zapateriasperversa.com\/?post_type=product&#038;p=4399"},"modified":"2026-03-04T10:10:28","modified_gmt":"2026-03-04T10:10:28","slug":"5567-calzado-senora-confort-en-piel-de-color-negro-con-elasticos-y-fabricado-en-espana-tallas-36-al-41","status":"publish","type":"product","link":"https:\/\/zapateriasperversa.com\/es\/producto\/5567-calzado-senora-confort-en-piel-de-color-negro-con-elasticos-y-fabricado-en-espana-tallas-36-al-41\/","title":{"rendered":"5567 Calzado se\u00f1ora confort en piel de color negro con el\u00e1sticos y fabricado en Espa\u00f1a tallas 36 al 41."},"content":{"rendered":"<h3 data-start=\"163\" data-end=\"238\">Calzado de se\u00f1ora confort en piel con el\u00e1sticos \u2013 Fabricado en Espa\u00f1a<\/h3>\n<p data-start=\"240\" data-end=\"638\">El <strong data-start=\"243\" data-end=\"286\">calzado de se\u00f1ora confort con el\u00e1sticos<\/strong> est\u00e1 dise\u00f1ado para ofrecer <strong data-start=\"314\" data-end=\"355\">comodidad, seguridad y estilo cl\u00e1sico<\/strong>. Fabricado en Espa\u00f1a con <strong data-start=\"381\" data-end=\"413\">piel natural de alta calidad<\/strong>, su dise\u00f1o incorpora el\u00e1sticos laterales que facilitan calzarlo y adaptarlo perfectamente al pie, proporcionando un ajuste c\u00f3modo durante todo el d\u00eda. Ideal para mujeres que buscan practicidad sin renunciar a la elegancia.<\/p>\n<p data-start=\"640\" data-end=\"675\">\u2714 <strong data-start=\"642\" data-end=\"673\">Caracter\u00edsticas destacadas:<\/strong><\/p>\n<ul data-start=\"676\" data-end=\"907\">\n<li data-start=\"676\" data-end=\"718\">\n<p data-start=\"678\" data-end=\"718\">100% piel natural, suave y resistente.<\/p>\n<\/li>\n<li data-start=\"719\" data-end=\"782\">\n<p data-start=\"721\" data-end=\"782\">El\u00e1sticos laterales que permiten un ajuste r\u00e1pido y seguro.<\/p>\n<\/li>\n<li data-start=\"783\" data-end=\"841\">\n<p data-start=\"785\" data-end=\"841\">Suela ligera y antideslizante que amortigua cada paso.<\/p>\n<\/li>\n<li data-start=\"842\" data-end=\"907\">\n<p data-start=\"844\" data-end=\"907\">Fabricado en Espa\u00f1a con acabados artesanales de alta calidad.<\/p>\n<\/li>\n<\/ul>\n<h3 data-start=\"914\" data-end=\"969\">\ud83c\udf1f C\u00f3mo combinar el calzado confort con el\u00e1sticos<\/h3>\n<p data-start=\"970\" data-end=\"1039\">Este tipo de calzado es perfecto para looks <strong data-start=\"1014\" data-end=\"1036\">cl\u00e1sicos y c\u00f3modos<\/strong>:<\/p>\n<ul data-start=\"1040\" data-end=\"1385\">\n<li data-start=\"1040\" data-end=\"1117\">\n<p data-start=\"1042\" data-end=\"1117\">Con <strong data-start=\"1046\" data-end=\"1076\">pantalones rectos o chinos<\/strong>, ideal para el d\u00eda a d\u00eda o la oficina.<\/p>\n<\/li>\n<li data-start=\"1118\" data-end=\"1202\">\n<p data-start=\"1120\" data-end=\"1202\">Con <strong data-start=\"1124\" data-end=\"1160\">faldas midi o pantalones palazzo<\/strong>, aportando un aire elegante y refinado.<\/p>\n<\/li>\n<li data-start=\"1203\" data-end=\"1275\">\n<p data-start=\"1205\" data-end=\"1275\">Con <strong data-start=\"1209\" data-end=\"1232\">vaqueros o leggings<\/strong>, para un look casual, c\u00f3modo y pr\u00e1ctico.<\/p>\n<\/li>\n<li data-start=\"1276\" data-end=\"1385\">\n<p data-start=\"1278\" data-end=\"1385\">Perfecto para caminar, reuniones informales, viajes cortos o cualquier plan donde la comodidad sea clave.<\/p>\n<\/li>\n<\/ul>","protected":false},"excerpt":{"rendered":"<p>Calzado de se\u00f1ora confort en piel con velcro, fabricado en Espa\u00f1a. Ajuste c\u00f3modo y seguro, ideal para el d\u00eda a d\u00eda sin renunciar al estilo cl\u00e1sico.<\/p>","protected":false},"featured_media":4342,"comment_status":"open","ping_status":"closed","template":"","meta":[],"product_brand":[],"product_cat":[45],"product_tag":[],"class_list":{"0":"post-4399","1":"product","2":"type-product","3":"status-publish","4":"has-post-thumbnail","6":"product_cat-mujer","8":"first","9":"outofstock","10":"shipping-taxable","11":"product-type-variable"},"_links":{"self":[{"href":"https:\/\/zapateriasperversa.com\/es\/wp-json\/wp\/v2\/product\/4399","targetHints":{"allow":["GET"]}}],"collection":[{"href":"https:\/\/zapateriasperversa.com\/es\/wp-json\/wp\/v2\/product"}],"about":[{"href":"https:\/\/zapateriasperversa.com\/es\/wp-json\/wp\/v2\/types\/product"}],"replies":[{"embeddable":true,"href":"https:\/\/zapateriasperversa.com\/es\/wp-json\/wp\/v2\/comments?post=4399"}],"wp:featuredmedia":[{"embeddable":true,"href":"https:\/\/zapateriasperversa.com\/es\/wp-json\/wp\/v2\/media\/4342"}],"wp:attachment":[{"href":"https:\/\/zapateriasperversa.com\/es\/wp-json\/wp\/v2\/media?parent=4399"}],"wp:term":[{"taxonomy":"product_brand","embeddable":true,"href":"https:\/\/zapateriasperversa.com\/es\/wp-json\/wp\/v2\/product_brand?post=4399"},{"taxonomy":"product_cat","embeddable":true,"href":"https:\/\/zapateriasperversa.com\/es\/wp-json\/wp\/v2\/product_cat?post=4399"},{"taxonomy":"product_tag","embeddable":true,"href":"https:\/\/zapateriasperversa.com\/es\/wp-json\/wp\/v2\/product_tag?post=4399"}],"curies":[{"name":"wp","href":"https:\/\/api.w.org\/{rel}","templated":true}]}}