{"id":4393,"date":"2025-10-01T17:58:05","date_gmt":"2025-10-01T17:58:05","guid":{"rendered":"https:\/\/zapateriasperversa.com\/?post_type=product&#038;p=4393"},"modified":"2026-03-04T10:10:57","modified_gmt":"2026-03-04T10:10:57","slug":"5568-calzado-senora-confort-en-piel-de-color-negro-con-velcro-y-fabricada-en-espana-tallas-36-al-41","status":"publish","type":"product","link":"https:\/\/zapateriasperversa.com\/es\/producto\/5568-calzado-senora-confort-en-piel-de-color-negro-con-velcro-y-fabricada-en-espana-tallas-36-al-41\/","title":{"rendered":"5568 Calzado se\u00f1ora confort en piel de color negro con velcro y fabricada en Espa\u00f1a tallas 36 al 41."},"content":{"rendered":"<h3 data-start=\"154\" data-end=\"226\">Calzado de se\u00f1ora confort en piel con velcro \u2013 Fabricado en Espa\u00f1a<\/h3>\n<p data-start=\"228\" data-end=\"606\">El <strong data-start=\"231\" data-end=\"271\">calzado de se\u00f1ora confort con velcro<\/strong> combina <strong data-start=\"280\" data-end=\"321\">comodidad, seguridad y estilo cl\u00e1sico<\/strong>. Fabricado en Espa\u00f1a con <strong data-start=\"347\" data-end=\"379\">piel natural de alta calidad<\/strong>, est\u00e1 dise\u00f1ado para ofrecer un ajuste perfecto y una pisada estable durante todo el d\u00eda. El cierre de velcro facilita ponerse y quitarse el calzado, adapt\u00e1ndose a cualquier tipo de pie, incluso con hormas anchas o delicadas.<\/p>\n<p data-start=\"608\" data-end=\"643\">\u2714 <strong data-start=\"610\" data-end=\"641\">Caracter\u00edsticas destacadas:<\/strong><\/p>\n<ul data-start=\"644\" data-end=\"876\">\n<li data-start=\"644\" data-end=\"684\">\n<p data-start=\"646\" data-end=\"684\">100% piel natural, suave y duradera.<\/p>\n<\/li>\n<li data-start=\"685\" data-end=\"756\">\n<p data-start=\"687\" data-end=\"756\">Sistema de cierre con velcro para un ajuste c\u00f3modo y personalizado.<\/p>\n<\/li>\n<li data-start=\"757\" data-end=\"815\">\n<p data-start=\"759\" data-end=\"815\">Suela antideslizante y ligera que amortigua cada paso.<\/p>\n<\/li>\n<li data-start=\"816\" data-end=\"876\">\n<p data-start=\"818\" data-end=\"876\">Fabricado en Espa\u00f1a con acabados artesanales de calidad.<\/p>\n<\/li>\n<\/ul>\n<h3 data-start=\"883\" data-end=\"935\">\ud83c\udf1f C\u00f3mo combinar el calzado confort con velcro<\/h3>\n<p data-start=\"936\" data-end=\"1053\">Este tipo de calzado es muy vers\u00e1til, especialmente pensado para la mujer que prioriza <strong data-start=\"1023\" data-end=\"1050\">comodidad y practicidad<\/strong>:<\/p>\n<ul data-start=\"1054\" data-end=\"1406\">\n<li data-start=\"1054\" data-end=\"1131\">\n<p data-start=\"1056\" data-end=\"1131\">Con <strong data-start=\"1060\" data-end=\"1090\">pantalones rectos o chinos<\/strong>, ideal para el d\u00eda a d\u00eda o la oficina.<\/p>\n<\/li>\n<li data-start=\"1132\" data-end=\"1215\">\n<p data-start=\"1134\" data-end=\"1215\">Con <strong data-start=\"1138\" data-end=\"1174\">faldas midi o pantalones palazzo<\/strong>, aportando un look cl\u00e1sico y elegante.<\/p>\n<\/li>\n<li data-start=\"1216\" data-end=\"1279\">\n<p data-start=\"1218\" data-end=\"1279\">Con <strong data-start=\"1222\" data-end=\"1244\">vaqueros o leggins<\/strong>, para un estilo casual y c\u00f3modo.<\/p>\n<\/li>\n<li data-start=\"1280\" data-end=\"1406\">\n<p data-start=\"1282\" data-end=\"1406\">Perfecto para caminar, actividades diarias, viajes cortos o reuniones informales donde prima el confort sin perder estilo.<\/p>\n<\/li>\n<\/ul>","protected":false},"excerpt":{"rendered":"<p>Calzado de se\u00f1ora confort en piel con velcro, fabricado en Espa\u00f1a. Ajuste c\u00f3modo y seguro, ideal para el d\u00eda a d\u00eda sin renunciar al estilo cl\u00e1sico.<\/p>","protected":false},"featured_media":4345,"comment_status":"open","ping_status":"closed","template":"","meta":[],"product_brand":[],"product_cat":[45],"product_tag":[],"class_list":{"0":"post-4393","1":"product","2":"type-product","3":"status-publish","4":"has-post-thumbnail","6":"product_cat-mujer","8":"first","9":"outofstock","10":"shipping-taxable","11":"product-type-variable"},"_links":{"self":[{"href":"https:\/\/zapateriasperversa.com\/es\/wp-json\/wp\/v2\/product\/4393","targetHints":{"allow":["GET"]}}],"collection":[{"href":"https:\/\/zapateriasperversa.com\/es\/wp-json\/wp\/v2\/product"}],"about":[{"href":"https:\/\/zapateriasperversa.com\/es\/wp-json\/wp\/v2\/types\/product"}],"replies":[{"embeddable":true,"href":"https:\/\/zapateriasperversa.com\/es\/wp-json\/wp\/v2\/comments?post=4393"}],"wp:featuredmedia":[{"embeddable":true,"href":"https:\/\/zapateriasperversa.com\/es\/wp-json\/wp\/v2\/media\/4345"}],"wp:attachment":[{"href":"https:\/\/zapateriasperversa.com\/es\/wp-json\/wp\/v2\/media?parent=4393"}],"wp:term":[{"taxonomy":"product_brand","embeddable":true,"href":"https:\/\/zapateriasperversa.com\/es\/wp-json\/wp\/v2\/product_brand?post=4393"},{"taxonomy":"product_cat","embeddable":true,"href":"https:\/\/zapateriasperversa.com\/es\/wp-json\/wp\/v2\/product_cat?post=4393"},{"taxonomy":"product_tag","embeddable":true,"href":"https:\/\/zapateriasperversa.com\/es\/wp-json\/wp\/v2\/product_tag?post=4393"}],"curies":[{"name":"wp","href":"https:\/\/api.w.org\/{rel}","templated":true}]}}