{"id":4389,"date":"2025-10-01T17:55:56","date_gmt":"2025-10-01T17:55:56","guid":{"rendered":"https:\/\/zapateriasperversa.com\/?post_type=product&#038;p=4389"},"modified":"2026-03-04T10:11:12","modified_gmt":"2026-03-04T10:11:12","slug":"5681-botin-confort-en-piel-de-color-cuero-con-elasticos-y-cremallera-lateral-y-fabricada-en-espana-tallas-36-al-41","status":"publish","type":"product","link":"https:\/\/zapateriasperversa.com\/es\/producto\/5681-botin-confort-en-piel-de-color-cuero-con-elasticos-y-cremallera-lateral-y-fabricada-en-espana-tallas-36-al-41\/","title":{"rendered":"5681 Bot\u00edn confort en piel de color cuero con el\u00e1sticos y cremallera lateral y fabricada en Espa\u00f1a tallas 36 al 41."},"content":{"rendered":"<h3 data-start=\"180\" data-end=\"233\">Bot\u00edn de piel con suela corrida confort \u2013 Mujer<\/h3>\n<p data-start=\"235\" data-end=\"606\">El <strong data-start=\"238\" data-end=\"281\">bot\u00edn de piel con suela corrida confort<\/strong> es el calzado ideal para quienes buscan <strong data-start=\"322\" data-end=\"359\">comodidad sin renunciar al estilo<\/strong>. Fabricado en Espa\u00f1a con <strong data-start=\"385\" data-end=\"417\">piel natural de alta calidad<\/strong>, su suela corrida ofrece amortiguaci\u00f3n, estabilidad y un paso ligero durante todo el d\u00eda. Perfecto para la mujer activa que quiere un look moderno y pr\u00e1ctico sin sacrificar la elegancia.<\/p>\n<p data-start=\"608\" data-end=\"643\">\u2714 <strong data-start=\"610\" data-end=\"641\">Caracter\u00edsticas destacadas:<\/strong><\/p>\n<ul data-start=\"644\" data-end=\"855\">\n<li data-start=\"644\" data-end=\"689\">\n<p data-start=\"646\" data-end=\"689\">100% piel natural, resistente y duradera.<\/p>\n<\/li>\n<li data-start=\"690\" data-end=\"750\">\n<p data-start=\"692\" data-end=\"750\">Suela corrida ligera y confortable que absorbe impactos.<\/p>\n<\/li>\n<li data-start=\"751\" data-end=\"805\">\n<p data-start=\"753\" data-end=\"805\">Interior acolchado para un ajuste c\u00f3modo y seguro.<\/p>\n<\/li>\n<li data-start=\"806\" data-end=\"855\">\n<p data-start=\"808\" data-end=\"855\">Fabricado en Espa\u00f1a con acabados artesanales.<\/p>\n<\/li>\n<\/ul>\n<h3 data-start=\"862\" data-end=\"919\">\ud83c\udf1f C\u00f3mo combinar un bot\u00edn con suela corrida confort<\/h3>\n<p data-start=\"920\" data-end=\"968\">Este tipo de bot\u00edn es extremadamente vers\u00e1til:<\/p>\n<ul data-start=\"969\" data-end=\"1398\">\n<li data-start=\"969\" data-end=\"1041\">\n<p data-start=\"971\" data-end=\"1041\">Con <strong data-start=\"975\" data-end=\"1008\">vaqueros o pantalones pitillo<\/strong>, para un look urbano y casual.<\/p>\n<\/li>\n<li data-start=\"1042\" data-end=\"1127\">\n<p data-start=\"1044\" data-end=\"1127\">Con <strong data-start=\"1048\" data-end=\"1078\">pantalones chinos o rectos<\/strong>, ideal para la oficina o reuniones informales.<\/p>\n<\/li>\n<li data-start=\"1128\" data-end=\"1205\">\n<p data-start=\"1130\" data-end=\"1205\">Con <strong data-start=\"1134\" data-end=\"1160\">vestidos cortos o midi<\/strong>, aportando un toque moderno y desenfadado.<\/p>\n<\/li>\n<li data-start=\"1206\" data-end=\"1288\">\n<p data-start=\"1208\" data-end=\"1288\">Con <strong data-start=\"1212\" data-end=\"1245\">leggins y chaquetas oversized<\/strong>, creando un conjunto c\u00f3modo y a la moda.<\/p>\n<\/li>\n<li data-start=\"1289\" data-end=\"1398\">\n<p data-start=\"1291\" data-end=\"1398\">Perfecto para el d\u00eda a d\u00eda, paseos largos, viajes o cualquier plan donde primen la comodidad y el estilo.<\/p>\n<\/li>\n<\/ul>","protected":false},"excerpt":{"rendered":"<p>Bot\u00edn de piel con suela corrida confort para mujer, fabricado en Espa\u00f1a. Comodidad y estilo diario en un dise\u00f1o vers\u00e1til y moderno.<\/p>","protected":false},"featured_media":4347,"comment_status":"open","ping_status":"closed","template":"","meta":[],"product_brand":[],"product_cat":[45],"product_tag":[],"class_list":{"0":"post-4389","1":"product","2":"type-product","3":"status-publish","4":"has-post-thumbnail","6":"product_cat-mujer","8":"first","9":"outofstock","10":"shipping-taxable","11":"product-type-variable"},"_links":{"self":[{"href":"https:\/\/zapateriasperversa.com\/es\/wp-json\/wp\/v2\/product\/4389","targetHints":{"allow":["GET"]}}],"collection":[{"href":"https:\/\/zapateriasperversa.com\/es\/wp-json\/wp\/v2\/product"}],"about":[{"href":"https:\/\/zapateriasperversa.com\/es\/wp-json\/wp\/v2\/types\/product"}],"replies":[{"embeddable":true,"href":"https:\/\/zapateriasperversa.com\/es\/wp-json\/wp\/v2\/comments?post=4389"}],"wp:featuredmedia":[{"embeddable":true,"href":"https:\/\/zapateriasperversa.com\/es\/wp-json\/wp\/v2\/media\/4347"}],"wp:attachment":[{"href":"https:\/\/zapateriasperversa.com\/es\/wp-json\/wp\/v2\/media?parent=4389"}],"wp:term":[{"taxonomy":"product_brand","embeddable":true,"href":"https:\/\/zapateriasperversa.com\/es\/wp-json\/wp\/v2\/product_brand?post=4389"},{"taxonomy":"product_cat","embeddable":true,"href":"https:\/\/zapateriasperversa.com\/es\/wp-json\/wp\/v2\/product_cat?post=4389"},{"taxonomy":"product_tag","embeddable":true,"href":"https:\/\/zapateriasperversa.com\/es\/wp-json\/wp\/v2\/product_tag?post=4389"}],"curies":[{"name":"wp","href":"https:\/\/api.w.org\/{rel}","templated":true}]}}