{"id":4377,"date":"2025-10-01T17:42:37","date_gmt":"2025-10-01T17:42:37","guid":{"rendered":"https:\/\/zapateriasperversa.com\/?post_type=product&#038;p=4377"},"modified":"2026-03-04T10:21:19","modified_gmt":"2026-03-04T10:21:19","slug":"5682-botin-con-cuna-en-piel-de-color-marron-cremallera-lateral-y-fabricada-en-espana-tallas-36-al-41","status":"publish","type":"product","link":"https:\/\/zapateriasperversa.com\/es\/producto\/5682-botin-con-cuna-en-piel-de-color-marron-cremallera-lateral-y-fabricada-en-espana-tallas-36-al-41\/","title":{"rendered":"5682 Bot\u00edn con cu\u00f1a en piel de color marr\u00f3n, cremallera lateral y fabricada en Espa\u00f1a tallas 36 al 41."},"content":{"rendered":"<h3 data-start=\"119\" data-end=\"155\">Bot\u00edn de piel con cu\u00f1a \u2013 Mujer<\/h3>\n<p data-start=\"157\" data-end=\"479\">El <strong data-start=\"160\" data-end=\"197\">bot\u00edn de piel con cu\u00f1a para mujer<\/strong> es la elecci\u00f3n perfecta para quienes buscan <strong data-start=\"242\" data-end=\"272\">altura, comodidad y estilo<\/strong> en un solo calzado. Fabricado en Espa\u00f1a con <strong data-start=\"317\" data-end=\"344\">piel de primera calidad<\/strong>, este modelo aporta un plus de confort gracias a su cu\u00f1a interna, que estiliza la figura sin renunciar a la pisada estable y segura.<\/p>\n<p data-start=\"481\" data-end=\"747\">Su dise\u00f1o vers\u00e1til lo convierte en un imprescindible de la temporada: sencillo, elegante y f\u00e1cil de combinar tanto para el d\u00eda a d\u00eda como para looks m\u00e1s sofisticados. La suela de goma antideslizante y el interior acolchado garantizan comodidad durante todo el d\u00eda.<\/p>\n<p data-start=\"749\" data-end=\"784\">\u2714 <strong data-start=\"751\" data-end=\"782\">Caracter\u00edsticas destacadas:<\/strong><\/p>\n<ul data-start=\"785\" data-end=\"970\">\n<li data-start=\"785\" data-end=\"827\">\n<p data-start=\"787\" data-end=\"827\">100% piel natural, suave y resistente.<\/p>\n<\/li>\n<li data-start=\"828\" data-end=\"877\">\n<p data-start=\"830\" data-end=\"877\">Cu\u00f1a interna que estiliza y aporta comodidad.<\/p>\n<\/li>\n<li data-start=\"878\" data-end=\"920\">\n<p data-start=\"880\" data-end=\"920\">Suela de goma ligera y antideslizante.<\/p>\n<\/li>\n<li data-start=\"921\" data-end=\"970\">\n<p data-start=\"923\" data-end=\"970\">Fabricado en Espa\u00f1a con acabados artesanales.<\/p>\n<\/li>\n<\/ul>\n<h3 data-start=\"977\" data-end=\"1017\">\ud83c\udf1f C\u00f3mo combinar un bot\u00edn con cu\u00f1a<\/h3>\n<p data-start=\"1018\" data-end=\"1075\">El bot\u00edn con cu\u00f1a es un comod\u00edn para m\u00faltiples estilos:<\/p>\n<ul data-start=\"1076\" data-end=\"1461\">\n<li data-start=\"1076\" data-end=\"1144\">\n<p data-start=\"1078\" data-end=\"1144\">Con <strong data-start=\"1082\" data-end=\"1102\">vaqueros pitillo<\/strong> o skinny, para un look urbano y casual.<\/p>\n<\/li>\n<li data-start=\"1145\" data-end=\"1223\">\n<p data-start=\"1147\" data-end=\"1223\">Con <strong data-start=\"1151\" data-end=\"1179\">pantal\u00f3n recto o cropped<\/strong>, que deja ver la bota y alarga la pierna.<\/p>\n<\/li>\n<li data-start=\"1224\" data-end=\"1303\">\n<p data-start=\"1226\" data-end=\"1303\">Con <strong data-start=\"1230\" data-end=\"1266\">vestidos midi o faldas vaporosas<\/strong>, para un aire femenino y elegante.<\/p>\n<\/li>\n<li data-start=\"1304\" data-end=\"1384\">\n<p data-start=\"1306\" data-end=\"1384\">Con <strong data-start=\"1310\" data-end=\"1339\">leggins y blazer oversize<\/strong>, creando un conjunto moderno y estilizado.<\/p>\n<\/li>\n<li data-start=\"1385\" data-end=\"1461\">\n<p data-start=\"1387\" data-end=\"1461\">Perfecto para la oficina, salidas informales o incluso planes nocturnos.<\/p>\n<\/li>\n<\/ul>","protected":false},"excerpt":{"rendered":"<p>Bot\u00edn de piel con cu\u00f1a para mujer, fabricado en Espa\u00f1a. Comodidad y estilo en un dise\u00f1o vers\u00e1til, ideal para looks casuales o m\u00e1s elegantes.<\/p>","protected":false},"featured_media":4349,"comment_status":"open","ping_status":"closed","template":"","meta":[],"product_brand":[],"product_cat":[45],"product_tag":[],"class_list":{"0":"post-4377","1":"product","2":"type-product","3":"status-publish","4":"has-post-thumbnail","6":"product_cat-mujer","8":"first","9":"instock","10":"shipping-taxable","11":"purchasable","12":"product-type-variable"},"_links":{"self":[{"href":"https:\/\/zapateriasperversa.com\/es\/wp-json\/wp\/v2\/product\/4377","targetHints":{"allow":["GET"]}}],"collection":[{"href":"https:\/\/zapateriasperversa.com\/es\/wp-json\/wp\/v2\/product"}],"about":[{"href":"https:\/\/zapateriasperversa.com\/es\/wp-json\/wp\/v2\/types\/product"}],"replies":[{"embeddable":true,"href":"https:\/\/zapateriasperversa.com\/es\/wp-json\/wp\/v2\/comments?post=4377"}],"wp:featuredmedia":[{"embeddable":true,"href":"https:\/\/zapateriasperversa.com\/es\/wp-json\/wp\/v2\/media\/4349"}],"wp:attachment":[{"href":"https:\/\/zapateriasperversa.com\/es\/wp-json\/wp\/v2\/media?parent=4377"}],"wp:term":[{"taxonomy":"product_brand","embeddable":true,"href":"https:\/\/zapateriasperversa.com\/es\/wp-json\/wp\/v2\/product_brand?post=4377"},{"taxonomy":"product_cat","embeddable":true,"href":"https:\/\/zapateriasperversa.com\/es\/wp-json\/wp\/v2\/product_cat?post=4377"},{"taxonomy":"product_tag","embeddable":true,"href":"https:\/\/zapateriasperversa.com\/es\/wp-json\/wp\/v2\/product_tag?post=4377"}],"curies":[{"name":"wp","href":"https:\/\/api.w.org\/{rel}","templated":true}]}}