{"id":3141,"date":"2025-04-02T11:28:32","date_gmt":"2025-04-02T11:28:32","guid":{"rendered":"https:\/\/zapateriasperversa.com\/?page_id=3141"},"modified":"2025-04-02T11:29:46","modified_gmt":"2025-04-02T11:29:46","slug":"politica-de-devoluciones","status":"publish","type":"page","link":"https:\/\/zapateriasperversa.com\/es\/politica-de-devoluciones\/","title":{"rendered":"Pol\u00edtica de Devoluciones"},"content":{"rendered":"<div data-elementor-type=\"wp-page\" data-elementor-id=\"3141\" class=\"elementor elementor-3141\" data-elementor-post-type=\"page\">\n\t\t\t\t<div class=\"elementor-element elementor-element-77cebe9b e-flex e-con-boxed wpr-particle-no wpr-jarallax-no wpr-parallax-no wpr-sticky-section-no e-con e-parent\" data-id=\"77cebe9b\" data-element_type=\"container\" data-e-type=\"container\">\n\t\t\t\t\t<div class=\"e-con-inner\">\n\t\t\t\t<div class=\"elementor-element elementor-element-52a536e4 elementor-widget elementor-widget-text-editor\" data-id=\"52a536e4\" data-element_type=\"widget\" data-e-type=\"widget\" data-widget_type=\"text-editor.default\">\n\t\t\t\t<div class=\"elementor-widget-container\">\n\t\t\t\t\t\t\t\t\t<p>En\u00a0<strong>Zapater\u00eda Perversa<\/strong>, tu satisfacci\u00f3n es lo m\u00e1s importante. Si tus zapatos llegan en mal estado, \u00a1no te preocupes! \ud83e\udd17 Puedes gestionarlo f\u00e1cilmente:<\/p><ul><li><strong>Devoluciones Sin Problemas:<\/strong>\u00a0Aceptamos devoluciones solo si el producto est\u00e1 defectuoso o da\u00f1ado.<\/li><li><strong>Cambio de Talla:<\/strong>\u00a0Si quieres cambiar la talla, se aplicar\u00e1 un costo de\u00a0<strong>5 \u20ac para los portes<\/strong>.<\/li><\/ul><p>Queremos que est\u00e9s 100% feliz con tu compra. \ud83c\udf1f Si necesitas m\u00e1s informaci\u00f3n, \u00a1contacta con nosotros! Estamos aqu\u00ed para ayudarte.<\/p><p><strong>\u00a1Gracias por confiar en nosotros!<\/strong><\/p>\t\t\t\t\t\t\t\t<\/div>\n\t\t\t\t<\/div>\n\t\t\t\t\t<\/div>\n\t\t\t\t<\/div>\n\t\t\t\t<\/div>","protected":false},"excerpt":{"rendered":"<p>En\u00a0Zapater\u00eda Perversa, tu satisfacci\u00f3n es lo m\u00e1s importante. Si tus zapatos llegan en mal estado, \u00a1no te preocupes! \ud83e\udd17 Puedes gestionarlo f\u00e1cilmente: Devoluciones Sin Problemas:\u00a0Aceptamos devoluciones solo si el producto est\u00e1 defectuoso o da\u00f1ado. Cambio de Talla:\u00a0Si quieres cambiar la talla, se aplicar\u00e1 un costo de\u00a05 \u20ac para los portes. Queremos que est\u00e9s 100% feliz con tu compra. \ud83c\udf1f Si necesitas m\u00e1s informaci\u00f3n, \u00a1contacta con nosotros! Estamos aqu\u00ed para ayudarte. \u00a1Gracias por confiar en nosotros!<\/p>","protected":false},"author":2,"featured_media":0,"parent":0,"menu_order":0,"comment_status":"closed","ping_status":"closed","template":"","meta":{"footnotes":""},"class_list":["post-3141","page","type-page","status-publish","hentry"],"_links":{"self":[{"href":"https:\/\/zapateriasperversa.com\/es\/wp-json\/wp\/v2\/pages\/3141","targetHints":{"allow":["GET"]}}],"collection":[{"href":"https:\/\/zapateriasperversa.com\/es\/wp-json\/wp\/v2\/pages"}],"about":[{"href":"https:\/\/zapateriasperversa.com\/es\/wp-json\/wp\/v2\/types\/page"}],"author":[{"embeddable":true,"href":"https:\/\/zapateriasperversa.com\/es\/wp-json\/wp\/v2\/users\/2"}],"replies":[{"embeddable":true,"href":"https:\/\/zapateriasperversa.com\/es\/wp-json\/wp\/v2\/comments?post=3141"}],"version-history":[{"count":5,"href":"https:\/\/zapateriasperversa.com\/es\/wp-json\/wp\/v2\/pages\/3141\/revisions"}],"predecessor-version":[{"id":3148,"href":"https:\/\/zapateriasperversa.com\/es\/wp-json\/wp\/v2\/pages\/3141\/revisions\/3148"}],"wp:attachment":[{"href":"https:\/\/zapateriasperversa.com\/es\/wp-json\/wp\/v2\/media?parent=3141"}],"curies":[{"name":"wp","href":"https:\/\/api.w.org\/{rel}","templated":true}]}}