{"id":3120,"date":"2025-04-02T11:34:42","date_gmt":"2025-04-02T11:34:42","guid":{"rendered":"https:\/\/zapateriasperversa.com\/?page_id=3120"},"modified":"2025-04-02T11:34:42","modified_gmt":"2025-04-02T11:34:42","slug":"politica-de-cookies","status":"publish","type":"page","link":"https:\/\/zapateriasperversa.com\/es\/politica-de-cookies\/","title":{"rendered":"Pol\u00edtica de Cookies"},"content":{"rendered":"<p>En\u00a0<strong>Zapater\u00eda Perversa<\/strong>, nuestra misi\u00f3n es ofrecerte la mejor experiencia de compra, y para lograrlo, utilizamos cookies en nuestro sitio web. Aqu\u00ed te explicamos qu\u00e9 son las cookies y c\u00f3mo las utilizamos:<\/p>\n<p><strong>\u00bfQu\u00e9 son las cookies?<\/strong><br \/>\nLas cookies son peque\u00f1os archivos de texto que se almacenan en tu dispositivo (ordenador, tablet o m\u00f3vil) cuando visitas un sitio web. Estas herramientas nos ayudan a recordar tus preferencias y mejorar tu experiencia de navegaci\u00f3n. \ud83d\udda5\ufe0f\u2728<\/p>\n<p><strong>\u00bfQu\u00e9 tipo de cookies utilizamos?<\/strong><\/p>\n<ul>\n<li><strong>Cookies T\u00e9cnicas:<\/strong>\u00a0Necesarias para el funcionamiento del sitio, como la gesti\u00f3n del carrito de compras.<\/li>\n<li><strong>Cookies de Personalizaci\u00f3n:<\/strong>\u00a0Permiten recordar tus preferencias y personalizar la experiencia de navegaci\u00f3n.<\/li>\n<li><strong>Cookies de An\u00e1lisis:<\/strong>\u00a0Usamos herramientas de an\u00e1lisis para mejorar nuestros contenidos y servicios.<\/li>\n<li><strong>Cookies de Publicidad:<\/strong>\u00a0Nos ayudan a mostrarte anuncios relevantes seg\u00fan tus intereses.<\/li>\n<\/ul>\n<p><strong>\u00bfC\u00f3mo puedes gestionar las cookies?<\/strong><br \/>\nPuedes controlar y modificar tus preferencias de cookies a trav\u00e9s de la configuraci\u00f3n de tu navegador. Tambi\u00e9n puedes eliminar las cookies ya almacenadas. Ten en cuenta que deshabilitar ciertas cookies puede afectar tu experiencia en nuestro sitio.<\/p>\n<p><strong>Consentimiento:<\/strong><br \/>\nAl navegar en nuestro sitio, aceptas el uso de cookies conforme a esta Pol\u00edtica. Si no est\u00e1s de acuerdo, puedes gestionar tus preferencias seg\u00fan lo mencionado arriba.<\/p>\n<p><strong>Contacta con nosotros:<\/strong><br \/>\nSi tienes preguntas sobre nuestra Pol\u00edtica de Cookies o necesitas m\u00e1s informaci\u00f3n, no dudes en ponerte en contacto. \u00a1Estamos aqu\u00ed para ti! \ud83e\udd17<\/p>\n<p><strong>\u00a1Gracias por elegir Zapater\u00eda Perversa y permitirnos mejorar tu experiencia!<\/strong><\/p>","protected":false},"excerpt":{"rendered":"<p>En\u00a0Zapater\u00eda Perversa, nuestra misi\u00f3n es ofrecerte la mejor experiencia de compra, y para lograrlo, utilizamos cookies en nuestro sitio web. Aqu\u00ed te explicamos qu\u00e9 son las cookies y c\u00f3mo las utilizamos: \u00bfQu\u00e9 son las cookies? Las cookies son peque\u00f1os archivos de texto que se almacenan en tu dispositivo (ordenador, tablet o m\u00f3vil) cuando visitas un sitio web. Estas herramientas nos ayudan a recordar tus preferencias y mejorar tu experiencia de navegaci\u00f3n. \ud83d\udda5\ufe0f\u2728 \u00bfQu\u00e9 tipo de cookies utilizamos? Cookies T\u00e9cnicas:\u00a0Necesarias para el funcionamiento del sitio, como la gesti\u00f3n del carrito de compras. Cookies de Personalizaci\u00f3n:\u00a0Permiten recordar tus preferencias y personalizar la experiencia de navegaci\u00f3n. Cookies de An\u00e1lisis:\u00a0Usamos herramientas de an\u00e1lisis para mejorar nuestros contenidos y servicios. Cookies de Publicidad:\u00a0Nos ayudan a mostrarte anuncios relevantes seg\u00fan tus intereses. \u00bfC\u00f3mo puedes gestionar las cookies? Puedes controlar y modificar tus preferencias de cookies a trav\u00e9s de la configuraci\u00f3n de tu navegador. Tambi\u00e9n puedes eliminar las cookies ya almacenadas. Ten en cuenta que deshabilitar ciertas cookies puede afectar tu experiencia en nuestro sitio. Consentimiento: Al navegar en nuestro sitio, aceptas el uso de cookies conforme a esta Pol\u00edtica. Si no est\u00e1s de acuerdo, puedes gestionar tus preferencias seg\u00fan lo mencionado arriba. Contacta con nosotros: Si tienes preguntas sobre nuestra Pol\u00edtica de Cookies o necesitas m\u00e1s informaci\u00f3n, no dudes en ponerte en contacto. \u00a1Estamos aqu\u00ed para ti! \ud83e\udd17 \u00a1Gracias por elegir Zapater\u00eda Perversa y permitirnos mejorar tu experiencia!<\/p>","protected":false},"author":2,"featured_media":0,"parent":0,"menu_order":0,"comment_status":"closed","ping_status":"closed","template":"","meta":{"footnotes":""},"class_list":["post-3120","page","type-page","status-publish","hentry"],"_links":{"self":[{"href":"https:\/\/zapateriasperversa.com\/es\/wp-json\/wp\/v2\/pages\/3120","targetHints":{"allow":["GET"]}}],"collection":[{"href":"https:\/\/zapateriasperversa.com\/es\/wp-json\/wp\/v2\/pages"}],"about":[{"href":"https:\/\/zapateriasperversa.com\/es\/wp-json\/wp\/v2\/types\/page"}],"author":[{"embeddable":true,"href":"https:\/\/zapateriasperversa.com\/es\/wp-json\/wp\/v2\/users\/2"}],"replies":[{"embeddable":true,"href":"https:\/\/zapateriasperversa.com\/es\/wp-json\/wp\/v2\/comments?post=3120"}],"version-history":[{"count":1,"href":"https:\/\/zapateriasperversa.com\/es\/wp-json\/wp\/v2\/pages\/3120\/revisions"}],"predecessor-version":[{"id":3167,"href":"https:\/\/zapateriasperversa.com\/es\/wp-json\/wp\/v2\/pages\/3120\/revisions\/3167"}],"wp:attachment":[{"href":"https:\/\/zapateriasperversa.com\/es\/wp-json\/wp\/v2\/media?parent=3120"}],"curies":[{"name":"wp","href":"https:\/\/api.w.org\/{rel}","templated":true}]}}