{"id":3118,"date":"2025-04-02T11:31:08","date_gmt":"2025-04-02T11:31:08","guid":{"rendered":"https:\/\/zapateriasperversa.com\/?page_id=3118"},"modified":"2025-04-02T11:31:58","modified_gmt":"2025-04-02T11:31:58","slug":"aviso-legal","status":"publish","type":"page","link":"https:\/\/zapateriasperversa.com\/es\/aviso-legal\/","title":{"rendered":"Aviso Legal"},"content":{"rendered":"<div data-elementor-type=\"wp-page\" data-elementor-id=\"3118\" class=\"elementor elementor-3118\" data-elementor-post-type=\"page\">\n\t\t\t\t<div class=\"elementor-element elementor-element-47216532 e-flex e-con-boxed wpr-particle-no wpr-jarallax-no wpr-parallax-no wpr-sticky-section-no e-con e-parent\" data-id=\"47216532\" data-element_type=\"container\" data-e-type=\"container\">\n\t\t\t\t\t<div class=\"e-con-inner\">\n\t\t\t\t<div class=\"elementor-element elementor-element-4965717a elementor-widget elementor-widget-text-editor\" data-id=\"4965717a\" data-element_type=\"widget\" data-e-type=\"widget\" data-widget_type=\"text-editor.default\">\n\t\t\t\t<div class=\"elementor-widget-container\">\n\t\t\t\t\t\t\t\t\t<p>Bienvenido a\u00a0<strong>Zapater\u00eda Perversa<\/strong>. Aqu\u00ed encontrar\u00e1s todo lo necesario sobre nuestras pol\u00edticas y el uso de nuestro sitio web.<\/p><p><strong>Informaci\u00f3n General:<\/strong><\/p><ul><li>Este es un espacio dedicado a ofrecerte el mejor calzado espa\u00f1ol con compromiso de calidad y servicio.<\/li><\/ul><p><strong>Propiedad Intelectual:<\/strong><\/p><ul><li>Todos los contenidos de nuestro sitio, incluidos textos, im\u00e1genes y logotipos, est\u00e1n protegidos por derechos de autor y no pueden ser utilizados sin autorizaci\u00f3n previa.<\/li><\/ul><p><strong>Protecci\u00f3n de Datos:<\/strong><\/p><ul><li>Valoramos tu privacidad. Tus datos personales son manejados con total confidencialidad y conformidad a la normativa vigente. Consulta nuestra Pol\u00edtica de Privacidad para m\u00e1s detalles.<\/li><\/ul><p><strong>Limitaci\u00f3n de Responsabilidad:<\/strong><\/p><ul><li>Hacemos todo lo posible para garantizar que la informaci\u00f3n de nuestro sitio sea exacta y est\u00e9 actualizada, pero no podemos garantizar la disponibilidad o la exactitud constante.<\/li><\/ul><p><strong>Contacto:<\/strong><\/p><ul><li>Si tienes preguntas sobre nuestro aviso legal o cualquier otra consulta, no dudes en ponerte en contacto con nosotros. Estamos aqu\u00ed para ayudarte. \ud83e\udd17<\/li><\/ul><p><strong>\u00a1Gracias por elegir Zapater\u00eda Perversa!<\/strong><\/p>\t\t\t\t\t\t\t\t<\/div>\n\t\t\t\t<\/div>\n\t\t\t\t\t<\/div>\n\t\t\t\t<\/div>\n\t\t\t\t<\/div>","protected":false},"excerpt":{"rendered":"<p>Bienvenido a\u00a0Zapater\u00eda Perversa. Aqu\u00ed encontrar\u00e1s todo lo necesario sobre nuestras pol\u00edticas y el uso de nuestro sitio web. Informaci\u00f3n General: Este es un espacio dedicado a ofrecerte el mejor calzado espa\u00f1ol con compromiso de calidad y servicio. Propiedad Intelectual: Todos los contenidos de nuestro sitio, incluidos textos, im\u00e1genes y logotipos, est\u00e1n protegidos por derechos de autor y no pueden ser utilizados sin autorizaci\u00f3n previa. Protecci\u00f3n de Datos: Valoramos tu privacidad. Tus datos personales son manejados con total confidencialidad y conformidad a la normativa vigente. Consulta nuestra Pol\u00edtica de Privacidad para m\u00e1s detalles. Limitaci\u00f3n de Responsabilidad: Hacemos todo lo posible para garantizar que la informaci\u00f3n de nuestro sitio sea exacta y est\u00e9 actualizada, pero no podemos garantizar la disponibilidad o la exactitud constante. Contacto: Si tienes preguntas sobre nuestro aviso legal o cualquier otra consulta, no dudes en ponerte en contacto con nosotros. Estamos aqu\u00ed para ayudarte. \ud83e\udd17 \u00a1Gracias por elegir Zapater\u00eda Perversa!<\/p>","protected":false},"author":2,"featured_media":0,"parent":0,"menu_order":0,"comment_status":"closed","ping_status":"closed","template":"","meta":{"footnotes":""},"class_list":["post-3118","page","type-page","status-publish","hentry"],"_links":{"self":[{"href":"https:\/\/zapateriasperversa.com\/es\/wp-json\/wp\/v2\/pages\/3118","targetHints":{"allow":["GET"]}}],"collection":[{"href":"https:\/\/zapateriasperversa.com\/es\/wp-json\/wp\/v2\/pages"}],"about":[{"href":"https:\/\/zapateriasperversa.com\/es\/wp-json\/wp\/v2\/types\/page"}],"author":[{"embeddable":true,"href":"https:\/\/zapateriasperversa.com\/es\/wp-json\/wp\/v2\/users\/2"}],"replies":[{"embeddable":true,"href":"https:\/\/zapateriasperversa.com\/es\/wp-json\/wp\/v2\/comments?post=3118"}],"version-history":[{"count":4,"href":"https:\/\/zapateriasperversa.com\/es\/wp-json\/wp\/v2\/pages\/3118\/revisions"}],"predecessor-version":[{"id":3157,"href":"https:\/\/zapateriasperversa.com\/es\/wp-json\/wp\/v2\/pages\/3118\/revisions\/3157"}],"wp:attachment":[{"href":"https:\/\/zapateriasperversa.com\/es\/wp-json\/wp\/v2\/media?parent=3118"}],"curies":[{"name":"wp","href":"https:\/\/api.w.org\/{rel}","templated":true}]}}